{"id":149,"date":"2023-08-24T15:35:14","date_gmt":"2023-08-24T15:35:14","guid":{"rendered":"https:\/\/cooperativaseares.es\/?page_id=149"},"modified":"2023-09-06T15:27:48","modified_gmt":"2023-09-06T15:27:48","slug":"conocenos","status":"publish","type":"page","link":"https:\/\/cooperativaseares.es\/index.php\/conocenos\/","title":{"rendered":"Con\u00f3cenos"},"content":{"rendered":"<p>[et_pb_section fb_built=\u00bb1&#8243; admin_label=\u00bbAbout\u00bb _builder_version=\u00bb4.16&#8243; _module_preset=\u00bbdefault\u00bb background_color=\u00bb#f3f7f0&#8243; background_enable_image=\u00bboff\u00bb background_position=\u00bbtop_center\u00bb global_colors_info=\u00bb{}\u00bb][et_pb_row _builder_version=\u00bb4.16&#8243; _module_preset=\u00bbdefault\u00bb global_colors_info=\u00bb{}\u00bb][et_pb_column type=\u00bb4_4&#8243; _builder_version=\u00bb4.16&#8243; _module_preset=\u00bbdefault\u00bb global_colors_info=\u00bb{}\u00bb][et_pb_text _builder_version=\u00bb4.21.0&#8243; _module_preset=\u00bbb0bf5418-994a-43d1-aef8-7d7c6764119d\u00bb header_font=\u00bbTajawal|900|||||||\u00bb header_text_color=\u00bb#000000&#8243; header_font_size=\u00bb100px\u00bb header_font_size_tablet=\u00bb50px\u00bb header_font_size_phone=\u00bb32px\u00bb header_font_size_last_edited=\u00bbon|phone\u00bb locked=\u00bboff\u00bb global_colors_info=\u00bb{}\u00bb]<\/p>\n<h1>Un poco de historia<\/h1>\n<p>[\/et_pb_text][\/et_pb_column][\/et_pb_row][et_pb_row column_structure=\u00bb1_2,1_2&#8243; _builder_version=\u00bb4.16&#8243; _module_preset=\u00bbdefault\u00bb global_colors_info=\u00bb{}\u00bb][et_pb_column type=\u00bb1_2&#8243; _builder_version=\u00bb4.16&#8243; _module_preset=\u00bbdefault\u00bb global_colors_info=\u00bb{}\u00bb][et_pb_text _builder_version=\u00bb4.21.0&#8243; _module_preset=\u00bb2e1ca0a8-a515-4ca3-8814-65eea4b82393&#8243; text_font=\u00bb||||||||\u00bb text_text_color=\u00bb#666666&#8243; text_font_size=\u00bb16px\u00bb text_line_height=\u00bb1.8em\u00bb link_font=\u00bb|700|||||||\u00bb link_text_color=\u00bb#71B100&#8243; text_font_size_tablet=\u00bb15px\u00bb text_font_size_phone=\u00bb14px\u00bb text_font_size_last_edited=\u00bbon|desktop\u00bb locked=\u00bboff\u00bb global_colors_info=\u00bb{}\u00bb]<\/p>\n<p>Corre el a\u00f1o 1974 cuando un grupo de 49 ganaderos ven en el asociacionismo la posible soluci\u00f3n a las dificultades que atraviesan en ese momento.<\/p>\n<p>Inicialmente la cooperativa surge con la finalidad de criar los terneros de los socios en una explotaci\u00f3n com\u00fan. Para ello se concibe un sistema especial de alimentaci\u00f3n para estos animales que es el que finalmente da nombre a Sociedad Cooperativa <strong>S.E.A.R.E.S.<\/strong> (<strong>S<\/strong>istema <strong>E<\/strong>special de <strong>A<\/strong>limentaci\u00f3n de <strong>RES<\/strong>es).<\/p>\n<p>Es en 1975 cuando la idea toma forma y la cooperativa se legaliza.<\/p>\n<p>Al a\u00f1o siguiente se decide construir una f\u00e1brica de piensos para la alimentaci\u00f3n de esos terneros y m\u00e1s adelante se pasa a fabricar para todo tipo de animales que los socios tienen en sus explotaciones.<\/p>\n<p>Es a finales de los a\u00f1os 80 y tras la progresiva incorporaci\u00f3n de nuevos socios cuando ven que no hay suficiente infraestructura para hacer frente a la creciente demanda. Comienzan as\u00ed las negociaciones para construir una nueva f\u00e1brica con m\u00e1s capacidad y tecnolog\u00eda m\u00e1s avanzada. Esta se inaugura en 1.991 en Piant\u00f3n, en las instalaciones actuales.<\/p>\n<p>Adem\u00e1s de la f\u00e1brica de piensos se edifica una nave anexa para abonos y forrajes y posteriormente una agrotienda\u00a0 a la que en los \u00faltimos a\u00f1os se incorpora un supermercado.<\/p>\n<p>Es, en todo el conjunto, donde el agricultor y el ganadero puede hoy encontrar lo que necesita\u00a0 tanto para su hogar como para su explotaci\u00f3n.<\/p>\n<p>[\/et_pb_text][\/et_pb_column][et_pb_column type=\u00bb1_2&#8243; _builder_version=\u00bb4.16&#8243; _module_preset=\u00bbdefault\u00bb global_colors_info=\u00bb{}\u00bb][et_pb_image src=\u00bbhttps:\/\/cooperativaseares.es\/wp-content\/uploads\/2023\/08\/sacos2.jpg\u00bb title_text=\u00bbsacos2&#8243; _builder_version=\u00bb4.21.0&#8243; _module_preset=\u00bbdefault\u00bb locked=\u00bboff\u00bb global_colors_info=\u00bb{}\u00bb][\/et_pb_image][\/et_pb_column][\/et_pb_row][\/et_pb_section][et_pb_section fb_built=\u00bb1&#8243; admin_label=\u00bbCall to Action\u00bb _builder_version=\u00bb4.16&#8243; _module_preset=\u00bbdefault\u00bb background_color=\u00bb#f3f7f0&#8243; background_image=\u00bbhttps:\/\/cooperativaseares.es\/wp-content\/uploads\/2023\/08\/landscape-maintenance-37.png\u00bb background_size=\u00bbcontain\u00bb background_position=\u00bbbottom_center\u00bb z_index=\u00bb1&#8243; custom_padding=\u00bb||||false|false\u00bb global_colors_info=\u00bb{}\u00bb][et_pb_row column_structure=\u00bb3_5,2_5&#8243; custom_padding_last_edited=\u00bbon|phone\u00bb _builder_version=\u00bb4.16&#8243; _module_preset=\u00bbdefault\u00bb background_color=\u00bb#fe9638&#8243; custom_margin=\u00bb||-96px||false|false\u00bb custom_padding=\u00bb40px|40px|40px|40px|true|true\u00bb custom_padding_tablet=\u00bb|30px||30px|true|true\u00bb custom_padding_phone=\u00bb20px|20px|20px|20px|true|true\u00bb global_colors_info=\u00bb{}\u00bb][et_pb_column type=\u00bb3_5&#8243; _builder_version=\u00bb4.16&#8243; _module_preset=\u00bbdefault\u00bb global_colors_info=\u00bb{}\u00bb][et_pb_text _builder_version=\u00bb4.21.0&#8243; _module_preset=\u00bbc3c1179e-80e4-4396-b700-51b845e1c46f\u00bb header_2_font=\u00bbTajawal|700|||||||\u00bb header_2_text_color=\u00bbgcid-87ce0c3f-2a7b-40dd-8a42-4148be75d651&#8243; header_2_font_size=\u00bb50px\u00bb header_2_font_size_tablet=\u00bb32px\u00bb header_2_font_size_phone=\u00bb20px\u00bb header_2_font_size_last_edited=\u00bbon|phone\u00bb global_colors_info=\u00bb{%22gcid-87ce0c3f-2a7b-40dd-8a42-4148be75d651%22:%91%93}\u00bb]<\/p>\n<h2>Contacta<\/h2>\n<p>[\/et_pb_text][\/et_pb_column][et_pb_column type=\u00bb2_5&#8243; _builder_version=\u00bb4.16&#8243; _module_preset=\u00bbdefault\u00bb custom_padding=\u00bb30px||||false|false\u00bb custom_padding_tablet=\u00bb0px||||false|false\u00bb custom_padding_phone=\u00bb\u00bb custom_padding_last_edited=\u00bbon|desktop\u00bb global_colors_info=\u00bb{}\u00bb][\/et_pb_column][\/et_pb_row][\/et_pb_section][et_pb_section fb_built=\u00bb1&#8243; admin_label=\u00bbFooter\u00bb _builder_version=\u00bb4.16&#8243; _module_preset=\u00bbdefault\u00bb background_color=\u00bb#f3f7f0&#8243; use_background_color_gradient=\u00bbon\u00bb background_color_gradient_stops=\u00bb#244435 0%|rgba(36,68,53,0.44) 100%\u00bb background_color_gradient_overlays_image=\u00bbon\u00bb background_color_gradient_start=\u00bb#244435&#8243; background_color_gradient_end=\u00bbrgba(36,68,53,0.44)\u00bb background_image=\u00bbhttps:\/\/cooperativaseares.es\/wp-content\/uploads\/2023\/08\/landscape-maintenance-38.jpg\u00bb background_repeat=\u00bbrepeat\u00bb custom_margin=\u00bb||||false|false\u00bb saved_tabs=\u00bball\u00bb global_colors_info=\u00bb{}\u00bb theme_builder_area=\u00bbpost_content\u00bb][et_pb_row column_structure=\u00bb1_3,2_3&#8243; _builder_version=\u00bb4.16&#8243; _module_preset=\u00bbdefault\u00bb custom_padding=\u00bb5vw||||false|false\u00bb global_colors_info=\u00bb{}\u00bb theme_builder_area=\u00bbpost_content\u00bb][et_pb_column type=\u00bb1_3&#8243; _builder_version=\u00bb4.16&#8243; _module_preset=\u00bbdefault\u00bb global_colors_info=\u00bb{}\u00bb theme_builder_area=\u00bbpost_content\u00bb][et_pb_text _builder_version=\u00bb4.21.0&#8243; _module_preset=\u00bb9471635f-4d55-44f4-9c8c-d8b240ab9aca\u00bb text_text_color=\u00bb#FFFFFF\u00bb header_font=\u00bb||||||||\u00bb header_2_text_color=\u00bb#FFFFFF\u00bb header_3_font=\u00bbTajawal|700||on|||||\u00bb header_3_text_color=\u00bb#FFFFFF\u00bb header_3_font_size=\u00bb30px\u00bb background_image=\u00bbhttps:\/\/cooperativaseares.es\/wp-content\/uploads\/2023\/08\/Line-1.png\u00bb background_size=\u00bbinitial\u00bb background_position=\u00bbtop_left\u00bb custom_padding=\u00bb|||60px|false|false\u00bb header_3_font_size_tablet=\u00bb24px\u00bb header_3_font_size_phone=\u00bb18px\u00bb header_3_font_size_last_edited=\u00bbon|phone\u00bb global_colors_info=\u00bb{}\u00bb custom_padding__hover_enabled=\u00bbon|hover\u00bb custom_padding__hover=\u00bb|||64px|false|false\u00bb theme_builder_area=\u00bbpost_content\u00bb]<\/p>\n<h2><strong>Direcci\u00f3n<\/strong><\/h2>\n<p>El Llano- Piant\u00f3n<br \/>33778 Vegadeo<\/p>\n<p>[\/et_pb_text][et_pb_text _builder_version=\u00bb4.21.0&#8243; _module_preset=\u00bb9471635f-4d55-44f4-9c8c-d8b240ab9aca\u00bb text_text_color=\u00bb#FFFFFF\u00bb header_font=\u00bb||||||||\u00bb header_2_text_color=\u00bb#FFFFFF\u00bb header_3_font=\u00bbTajawal|700||on|||||\u00bb header_3_text_color=\u00bb#FFFFFF\u00bb header_3_font_size=\u00bb30px\u00bb background_image=\u00bbhttps:\/\/cooperativaseares.es\/wp-content\/uploads\/2023\/08\/Line-1.png\u00bb background_size=\u00bbinitial\u00bb background_position=\u00bbtop_left\u00bb custom_padding=\u00bb|||60px|false|false\u00bb header_3_font_size_tablet=\u00bb24px\u00bb header_3_font_size_phone=\u00bb18px\u00bb header_3_font_size_last_edited=\u00bbon|phone\u00bb global_colors_info=\u00bb{}\u00bb custom_padding__hover=\u00bb|||64px|false|false\u00bb custom_padding__hover_enabled=\u00bbon|desktop\u00bb theme_builder_area=\u00bbpost_content\u00bb]<\/p>\n<h2><strong>Tel\u00e9fono oficina<\/strong><\/h2>\n<p>985 634 025<br \/>985 634 648<\/p>\n<p>[\/et_pb_text][et_pb_text _builder_version=\u00bb4.21.0&#8243; _module_preset=\u00bb9471635f-4d55-44f4-9c8c-d8b240ab9aca\u00bb text_text_color=\u00bb#FFFFFF\u00bb header_font=\u00bb||||||||\u00bb header_text_color=\u00bb#FFFFFF\u00bb header_2_text_color=\u00bb#FFFFFF\u00bb header_3_font=\u00bbTajawal|700||on|||||\u00bb header_3_text_color=\u00bb#FFFFFF\u00bb header_3_font_size=\u00bb30px\u00bb background_image=\u00bbhttps:\/\/cooperativaseares.es\/wp-content\/uploads\/2023\/08\/Line-1.png\u00bb background_size=\u00bbinitial\u00bb background_position=\u00bbtop_left\u00bb custom_padding=\u00bb|||60px|false|false\u00bb header_3_font_size_tablet=\u00bb24px\u00bb header_3_font_size_phone=\u00bb18px\u00bb header_3_font_size_last_edited=\u00bbon|phone\u00bb global_colors_info=\u00bb{}\u00bb custom_padding__hover=\u00bb|||64px|false|false\u00bb custom_padding__hover_enabled=\u00bbon|hover\u00bb theme_builder_area=\u00bbpost_content\u00bb]<\/p>\n<h2><strong>Tel\u00e9fono agrotienda<\/strong><\/h2>\n<p><strong>985 634 907<\/strong><\/p>\n<p>[\/et_pb_text][\/et_pb_column][et_pb_column type=\u00bb2_3&#8243; _builder_version=\u00bb4.16&#8243; _module_preset=\u00bbdefault\u00bb global_colors_info=\u00bb{}\u00bb theme_builder_area=\u00bbpost_content\u00bb][et_pb_text _builder_version=\u00bb4.21.0&#8243; _module_preset=\u00bbbc3df28d-7a1e-4346-9b94-aa11c48ce922&#8243; text_text_color=\u00bb#FFFFFF\u00bb header_2_text_color=\u00bb#FFFFFF\u00bb header_4_font=\u00bbTajawal|700||on|||||\u00bb header_4_text_color=\u00bb#FFFFFF\u00bb header_4_font_size=\u00bb14px\u00bb header_4_letter_spacing=\u00bb2px\u00bb header_4_line_height=\u00bb1.5em\u00bb custom_margin=\u00bb||0px||false|false\u00bb header_4_font_size_tablet=\u00bb13px\u00bb header_4_font_size_phone=\u00bb12px\u00bb header_4_font_size_last_edited=\u00bbon|phone\u00bb global_colors_info=\u00bb{}\u00bb theme_builder_area=\u00bbpost_content\u00bb]<\/p>\n<h2><strong>Horario F\u00e1brica<\/strong><\/h2>\n<p>Lunes &#8211; Viernes<br \/>9:00 &#8211; 13:00 | 16:00 &#8211; 19:00<\/p>\n<p>&nbsp;<\/p>\n<p>[\/et_pb_text][et_pb_text _builder_version=\u00bb4.21.0&#8243; _module_preset=\u00bbbc3df28d-7a1e-4346-9b94-aa11c48ce922&#8243; text_text_color=\u00bb#FFFFFF\u00bb header_2_text_color=\u00bb#FFFFFF\u00bb header_4_font=\u00bbTajawal|700||on|||||\u00bb header_4_text_color=\u00bb#FFFFFF\u00bb header_4_font_size=\u00bb14px\u00bb header_4_letter_spacing=\u00bb2px\u00bb header_4_line_height=\u00bb1.5em\u00bb custom_margin=\u00bb||0px||false|false\u00bb header_4_font_size_tablet=\u00bb13px\u00bb header_4_font_size_phone=\u00bb12px\u00bb header_4_font_size_last_edited=\u00bbon|phone\u00bb global_colors_info=\u00bb{}\u00bb theme_builder_area=\u00bbpost_content\u00bb]<\/p>\n<h2><strong>Horario Tienda<\/strong><\/h2>\n<p>Lunes &#8211; Viernes<br \/>9:00 &#8211; 20:00<br \/>S\u00e1bado<br \/>10:00 &#8211; 14:00<\/p>\n<p>&nbsp;<\/p>\n<p>[\/et_pb_text][et_pb_social_media_follow use_icon_font_size=\u00bbon\u00bb icon_font_size_tablet=\u00bb20px\u00bb icon_font_size_phone=\u00bb16px\u00bb icon_font_size_last_edited=\u00bboff|desktop\u00bb _builder_version=\u00bb4.21.0&#8243; _module_preset=\u00bbdefault\u00bb border_radii=\u00bbon|0px|0px|0px|0px\u00bb border_width_all=\u00bb2px\u00bb border_color_all=\u00bb#FFFFFF\u00bb global_colors_info=\u00bb{}\u00bb theme_builder_area=\u00bbpost_content\u00bb][et_pb_social_media_follow_network social_network=\u00bbfacebook\u00bb url=\u00bbhttps:\/\/www.facebook.com\/cooperativa.seares?locale=es_ES\u00bb _builder_version=\u00bb4.21.0&#8243; _module_preset=\u00bbdefault\u00bb background_enable_color=\u00bboff\u00bb custom_padding=\u00bb10px|10px|10px|10px|true|true\u00bb global_colors_info=\u00bb{}\u00bb theme_builder_area=\u00bbpost_content\u00bb follow_button=\u00bboff\u00bb url_new_window=\u00bbon\u00bb]facebook[\/et_pb_social_media_follow_network][\/et_pb_social_media_follow][\/et_pb_column][\/et_pb_row][\/et_pb_section]<\/p>\n","protected":false},"excerpt":{"rendered":"<p>Un poco de historiaCorre el a\u00f1o 1974 cuando un grupo de 49 ganaderos ven en el asociacionismo la posible soluci\u00f3n a las dificultades que atraviesan en ese momento. Inicialmente la cooperativa surge con la finalidad de criar los terneros de los socios en una explotaci\u00f3n com\u00fan. Para ello se concibe un sistema especial de alimentaci\u00f3n [&hellip;]<\/p>\n","protected":false},"author":1,"featured_media":0,"parent":0,"menu_order":0,"comment_status":"closed","ping_status":"closed","template":"","meta":{"_et_pb_use_builder":"on","_et_pb_old_content":"","_et_gb_content_width":"","footnotes":""},"class_list":["post-149","page","type-page","status-publish","hentry"],"yoast_head":"<!-- This site is optimized with the Yoast SEO plugin v21.1 - https:\/\/yoast.com\/wordpress\/plugins\/seo\/ -->\n<title>Con\u00f3cenos - Cooperativa Seares<\/title>\n<meta name=\"robots\" content=\"index, follow, max-snippet:-1, max-image-preview:large, max-video-preview:-1\" \/>\n<link rel=\"canonical\" href=\"https:\/\/cooperativaseares.es\/index.php\/conocenos\/\" \/>\n<meta property=\"og:locale\" content=\"es_ES\" \/>\n<meta property=\"og:type\" content=\"article\" \/>\n<meta property=\"og:title\" content=\"Con\u00f3cenos - Cooperativa Seares\" \/>\n<meta property=\"og:description\" content=\"Un poco de historiaCorre el a\u00f1o 1974 cuando un grupo de 49 ganaderos ven en el asociacionismo la posible soluci\u00f3n a las dificultades que atraviesan en ese momento. Inicialmente la cooperativa surge con la finalidad de criar los terneros de los socios en una explotaci\u00f3n com\u00fan. Para ello se concibe un sistema especial de alimentaci\u00f3n [&hellip;]\" \/>\n<meta property=\"og:url\" content=\"https:\/\/cooperativaseares.es\/index.php\/conocenos\/\" \/>\n<meta property=\"og:site_name\" content=\"Cooperativa Seares\" \/>\n<meta property=\"article:modified_time\" content=\"2023-09-06T15:27:48+00:00\" \/>\n<meta name=\"twitter:card\" content=\"summary_large_image\" \/>\n<meta name=\"twitter:label1\" content=\"Tiempo de lectura\" \/>\n\t<meta name=\"twitter:data1\" content=\"7 minutos\" \/>\n<script type=\"application\/ld+json\" class=\"yoast-schema-graph\">{\"@context\":\"https:\/\/schema.org\",\"@graph\":[{\"@type\":\"WebPage\",\"@id\":\"https:\/\/cooperativaseares.es\/index.php\/conocenos\/\",\"url\":\"https:\/\/cooperativaseares.es\/index.php\/conocenos\/\",\"name\":\"Con\u00f3cenos - Cooperativa Seares\",\"isPartOf\":{\"@id\":\"https:\/\/cooperativaseares.es\/#website\"},\"datePublished\":\"2023-08-24T15:35:14+00:00\",\"dateModified\":\"2023-09-06T15:27:48+00:00\",\"breadcrumb\":{\"@id\":\"https:\/\/cooperativaseares.es\/index.php\/conocenos\/#breadcrumb\"},\"inLanguage\":\"es\",\"potentialAction\":[{\"@type\":\"ReadAction\",\"target\":[\"https:\/\/cooperativaseares.es\/index.php\/conocenos\/\"]}]},{\"@type\":\"BreadcrumbList\",\"@id\":\"https:\/\/cooperativaseares.es\/index.php\/conocenos\/#breadcrumb\",\"itemListElement\":[{\"@type\":\"ListItem\",\"position\":1,\"name\":\"Portada\",\"item\":\"https:\/\/cooperativaseares.es\/\"},{\"@type\":\"ListItem\",\"position\":2,\"name\":\"Con\u00f3cenos\"}]},{\"@type\":\"WebSite\",\"@id\":\"https:\/\/cooperativaseares.es\/#website\",\"url\":\"https:\/\/cooperativaseares.es\/\",\"name\":\"Cooperativa Seares\",\"description\":\"\",\"potentialAction\":[{\"@type\":\"SearchAction\",\"target\":{\"@type\":\"EntryPoint\",\"urlTemplate\":\"https:\/\/cooperativaseares.es\/?s={search_term_string}\"},\"query-input\":\"required name=search_term_string\"}],\"inLanguage\":\"es\"}]}<\/script>\n<!-- \/ Yoast SEO plugin. -->","yoast_head_json":{"title":"Con\u00f3cenos - Cooperativa Seares","robots":{"index":"index","follow":"follow","max-snippet":"max-snippet:-1","max-image-preview":"max-image-preview:large","max-video-preview":"max-video-preview:-1"},"canonical":"https:\/\/cooperativaseares.es\/index.php\/conocenos\/","og_locale":"es_ES","og_type":"article","og_title":"Con\u00f3cenos - Cooperativa Seares","og_description":"Un poco de historiaCorre el a\u00f1o 1974 cuando un grupo de 49 ganaderos ven en el asociacionismo la posible soluci\u00f3n a las dificultades que atraviesan en ese momento. Inicialmente la cooperativa surge con la finalidad de criar los terneros de los socios en una explotaci\u00f3n com\u00fan. Para ello se concibe un sistema especial de alimentaci\u00f3n [&hellip;]","og_url":"https:\/\/cooperativaseares.es\/index.php\/conocenos\/","og_site_name":"Cooperativa Seares","article_modified_time":"2023-09-06T15:27:48+00:00","twitter_card":"summary_large_image","twitter_misc":{"Tiempo de lectura":"7 minutos"},"schema":{"@context":"https:\/\/schema.org","@graph":[{"@type":"WebPage","@id":"https:\/\/cooperativaseares.es\/index.php\/conocenos\/","url":"https:\/\/cooperativaseares.es\/index.php\/conocenos\/","name":"Con\u00f3cenos - Cooperativa Seares","isPartOf":{"@id":"https:\/\/cooperativaseares.es\/#website"},"datePublished":"2023-08-24T15:35:14+00:00","dateModified":"2023-09-06T15:27:48+00:00","breadcrumb":{"@id":"https:\/\/cooperativaseares.es\/index.php\/conocenos\/#breadcrumb"},"inLanguage":"es","potentialAction":[{"@type":"ReadAction","target":["https:\/\/cooperativaseares.es\/index.php\/conocenos\/"]}]},{"@type":"BreadcrumbList","@id":"https:\/\/cooperativaseares.es\/index.php\/conocenos\/#breadcrumb","itemListElement":[{"@type":"ListItem","position":1,"name":"Portada","item":"https:\/\/cooperativaseares.es\/"},{"@type":"ListItem","position":2,"name":"Con\u00f3cenos"}]},{"@type":"WebSite","@id":"https:\/\/cooperativaseares.es\/#website","url":"https:\/\/cooperativaseares.es\/","name":"Cooperativa Seares","description":"","potentialAction":[{"@type":"SearchAction","target":{"@type":"EntryPoint","urlTemplate":"https:\/\/cooperativaseares.es\/?s={search_term_string}"},"query-input":"required name=search_term_string"}],"inLanguage":"es"}]}},"_links":{"self":[{"href":"https:\/\/cooperativaseares.es\/index.php\/wp-json\/wp\/v2\/pages\/149","targetHints":{"allow":["GET"]}}],"collection":[{"href":"https:\/\/cooperativaseares.es\/index.php\/wp-json\/wp\/v2\/pages"}],"about":[{"href":"https:\/\/cooperativaseares.es\/index.php\/wp-json\/wp\/v2\/types\/page"}],"author":[{"embeddable":true,"href":"https:\/\/cooperativaseares.es\/index.php\/wp-json\/wp\/v2\/users\/1"}],"replies":[{"embeddable":true,"href":"https:\/\/cooperativaseares.es\/index.php\/wp-json\/wp\/v2\/comments?post=149"}],"version-history":[{"count":5,"href":"https:\/\/cooperativaseares.es\/index.php\/wp-json\/wp\/v2\/pages\/149\/revisions"}],"predecessor-version":[{"id":216,"href":"https:\/\/cooperativaseares.es\/index.php\/wp-json\/wp\/v2\/pages\/149\/revisions\/216"}],"wp:attachment":[{"href":"https:\/\/cooperativaseares.es\/index.php\/wp-json\/wp\/v2\/media?parent=149"}],"curies":[{"name":"wp","href":"https:\/\/api.w.org\/{rel}","templated":true}]}}